{"id":33,"date":"2025-12-02T09:20:04","date_gmt":"2025-12-02T09:20:04","guid":{"rendered":"https:\/\/www.loul-artiste.fr\/?page_id=33"},"modified":"2025-12-22T12:23:08","modified_gmt":"2025-12-22T12:23:08","slug":"au-dessus-de-nos-certitudes","status":"publish","type":"page","link":"https:\/\/www.loul-artiste.fr\/en\/oeuvres-picturales\/au-dessus-de-nos-certitudes\/","title":{"rendered":"Above our certainties"},"content":{"rendered":"\t\t<div data-elementor-type=\"wp-page\" data-elementor-id=\"33\" class=\"elementor elementor-33\" data-elementor-post-type=\"page\">\n\t\t\t\t<div class=\"elementor-element elementor-element-75129a0 e-flex e-con-boxed e-con e-parent\" data-id=\"75129a0\" data-element_type=\"container\" data-e-type=\"container\" data-settings=\"{&quot;background_background&quot;:&quot;classic&quot;}\">\n\t\t\t\t\t<div class=\"e-con-inner\">\n\t\t<div class=\"elementor-element elementor-element-30559e1 e-con-full e-flex e-con e-child\" data-id=\"30559e1\" data-element_type=\"container\" data-e-type=\"container\" data-settings=\"{&quot;background_background&quot;:&quot;classic&quot;}\">\n\t\t\t\t<div class=\"elementor-element elementor-element-bb3547c elementor-invisible elementor-widget elementor-widget-heading\" data-id=\"bb3547c\" data-element_type=\"widget\" data-e-type=\"widget\" data-settings=\"{&quot;_animation&quot;:&quot;fadeIn&quot;}\" data-widget_type=\"heading.default\">\n\t\t\t\t<div class=\"elementor-widget-container\">\n\t\t\t\t\t<h1 class=\"elementor-heading-title elementor-size-default\">Au-dessus de nos certitudes<\/h1>\t\t\t\t<\/div>\n\t\t\t\t<\/div>\n\t\t\t\t<\/div>\n\t\t\t\t\t<\/div>\n\t\t\t\t<\/div>\n\t\t<div class=\"elementor-element elementor-element-3e6e8cf e-con-full e-flex e-con e-parent\" data-id=\"3e6e8cf\" data-element_type=\"container\" data-e-type=\"container\" data-settings=\"{&quot;background_background&quot;:&quot;classic&quot;}\">\n\t\t<div class=\"elementor-element elementor-element-94c0819 e-con-full e-flex e-con e-child\" data-id=\"94c0819\" data-element_type=\"container\" data-e-type=\"container\">\n\t\t\t\t<div class=\"elementor-element elementor-element-d493f46 elementor-widget elementor-widget-spacer\" data-id=\"d493f46\" data-element_type=\"widget\" data-e-type=\"widget\" data-widget_type=\"spacer.default\">\n\t\t\t\t<div class=\"elementor-widget-container\">\n\t\t\t\t\t\t\t<div class=\"elementor-spacer\">\n\t\t\t<div class=\"elementor-spacer-inner\"><\/div>\n\t\t<\/div>\n\t\t\t\t\t\t<\/div>\n\t\t\t\t<\/div>\n\t\t\t\t<\/div>\n\t\t<div class=\"elementor-element elementor-element-1043819 e-con-full e-flex e-con e-child\" data-id=\"1043819\" data-element_type=\"container\" data-e-type=\"container\">\n\t\t\t\t<div class=\"elementor-element elementor-element-0545feb elementor-widget__width-initial animated-fast elementor-widget-tablet__width-inherit elementor-invisible elementor-widget elementor-widget-heading\" data-id=\"0545feb\" data-element_type=\"widget\" data-e-type=\"widget\" data-settings=\"{&quot;_animation&quot;:&quot;fadeInRight&quot;,&quot;_animation_tablet&quot;:&quot;fadeIn&quot;}\" data-widget_type=\"heading.default\">\n\t\t\t\t<div class=\"elementor-widget-container\">\n\t\t\t\t\t<h2 class=\"elementor-heading-title elementor-size-default\">Une pr\u00e9sence nonchalante<\/h2>\t\t\t\t<\/div>\n\t\t\t\t<\/div>\n\t\t\t\t<div class=\"elementor-element elementor-element-236f9ae elementor-widget__width-initial animated-fast elementor-widget-tablet__width-inherit elementor-invisible elementor-widget elementor-widget-text-editor\" data-id=\"236f9ae\" data-element_type=\"widget\" data-e-type=\"widget\" data-settings=\"{&quot;_animation&quot;:&quot;fadeInRight&quot;,&quot;_animation_tablet&quot;:&quot;fadeIn&quot;,&quot;_animation_delay&quot;:100}\" data-widget_type=\"text-editor.default\">\n\t\t\t\t<div class=\"elementor-widget-container\">\n\t\t\t\t\t\t\t\t\t<p class=\"p1\">Un paysage travers\u00e9 de couleurs franches. Rien n\u2019est net, tout est fluide, presque en \u00e9quilibre.<\/p><p class=\"p1\">Un lapin noir flotte au-dessus, suspendu par des fils m\u00e9talliques.<\/p><p class=\"p1\">Il ne regarde pas le monde. Il se regarde lui-m\u00eame.<br \/>Une pr\u00e9sence nonchalante, libre, \u00e0 l\u2019\u00e9cart de nos certitudes.<\/p>\t\t\t\t\t\t\t\t<\/div>\n\t\t\t\t<\/div>\n\t\t\t\t<\/div>\n\t\t\t\t<\/div>\n\t\t<div class=\"elementor-element elementor-element-50f4112 e-flex e-con-boxed e-con e-parent\" data-id=\"50f4112\" data-element_type=\"container\" data-e-type=\"container\">\n\t\t\t\t\t<div class=\"e-con-inner\">\n\t\t<div class=\"elementor-element elementor-element-3df0618 e-con-full e-flex e-con e-child\" data-id=\"3df0618\" data-element_type=\"container\" data-e-type=\"container\">\n\t\t\t\t<div class=\"elementor-element elementor-element-a400219 elementor-widget elementor-widget-image\" data-id=\"a400219\" data-element_type=\"widget\" data-e-type=\"widget\" data-widget_type=\"image.default\">\n\t\t\t\t<div class=\"elementor-widget-container\">\n\t\t\t\t\t\t\t\t\t\t\t\t\t\t\t<img fetchpriority=\"high\" decoding=\"async\" width=\"800\" height=\"800\" src=\"https:\/\/www.loul-artiste.fr\/wp-content\/uploads\/2025\/12\/Queue-du-lapin-1024x1024.jpg\" class=\"attachment-large size-large wp-image-493\" alt=\"\" srcset=\"https:\/\/www.loul-artiste.fr\/wp-content\/uploads\/2025\/12\/Queue-du-lapin-1024x1024.jpg 1024w, https:\/\/www.loul-artiste.fr\/wp-content\/uploads\/2025\/12\/Queue-du-lapin-300x300.jpg 300w, https:\/\/www.loul-artiste.fr\/wp-content\/uploads\/2025\/12\/Queue-du-lapin-150x150.jpg 150w, https:\/\/www.loul-artiste.fr\/wp-content\/uploads\/2025\/12\/Queue-du-lapin-768x768.jpg 768w, https:\/\/www.loul-artiste.fr\/wp-content\/uploads\/2025\/12\/Queue-du-lapin.jpg 1080w\" sizes=\"(max-width: 800px) 100vw, 800px\" \/>\t\t\t\t\t\t\t\t\t\t\t\t\t\t\t<\/div>\n\t\t\t\t<\/div>\n\t\t\t\t<\/div>\n\t\t<div class=\"elementor-element elementor-element-041e811 e-con-full e-flex e-con e-child\" data-id=\"041e811\" data-element_type=\"container\" data-e-type=\"container\">\n\t\t\t\t<div class=\"elementor-element elementor-element-90f693e elementor-widget elementor-widget-image\" data-id=\"90f693e\" data-element_type=\"widget\" data-e-type=\"widget\" data-widget_type=\"image.default\">\n\t\t\t\t<div class=\"elementor-widget-container\">\n\t\t\t\t\t\t\t\t\t\t\t\t\t\t\t<img decoding=\"async\" width=\"800\" height=\"800\" src=\"https:\/\/www.loul-artiste.fr\/wp-content\/uploads\/2025\/12\/trait-blanc-lapin-1024x1024.jpg\" class=\"attachment-large size-large wp-image-494\" alt=\"\" srcset=\"https:\/\/www.loul-artiste.fr\/wp-content\/uploads\/2025\/12\/trait-blanc-lapin-1024x1024.jpg 1024w, https:\/\/www.loul-artiste.fr\/wp-content\/uploads\/2025\/12\/trait-blanc-lapin-300x300.jpg 300w, https:\/\/www.loul-artiste.fr\/wp-content\/uploads\/2025\/12\/trait-blanc-lapin-150x150.jpg 150w, https:\/\/www.loul-artiste.fr\/wp-content\/uploads\/2025\/12\/trait-blanc-lapin-768x768.jpg 768w, https:\/\/www.loul-artiste.fr\/wp-content\/uploads\/2025\/12\/trait-blanc-lapin.jpg 1152w\" sizes=\"(max-width: 800px) 100vw, 800px\" \/>\t\t\t\t\t\t\t\t\t\t\t\t\t\t\t<\/div>\n\t\t\t\t<\/div>\n\t\t\t\t<\/div>\n\t\t<div class=\"elementor-element elementor-element-896accb e-con-full e-flex e-con e-child\" data-id=\"896accb\" data-element_type=\"container\" data-e-type=\"container\">\n\t\t\t\t<div class=\"elementor-element elementor-element-5eea1cd elementor-widget elementor-widget-image\" data-id=\"5eea1cd\" data-element_type=\"widget\" data-e-type=\"widget\" data-widget_type=\"image.default\">\n\t\t\t\t<div class=\"elementor-widget-container\">\n\t\t\t\t\t\t\t\t\t\t\t\t\t\t\t<img decoding=\"async\" width=\"800\" height=\"800\" src=\"https:\/\/www.loul-artiste.fr\/wp-content\/uploads\/2025\/12\/Lapinou-suspendu-peinard-1024x1024.jpg\" class=\"attachment-large size-large wp-image-491\" alt=\"\" srcset=\"https:\/\/www.loul-artiste.fr\/wp-content\/uploads\/2025\/12\/Lapinou-suspendu-peinard-1024x1024.jpg 1024w, https:\/\/www.loul-artiste.fr\/wp-content\/uploads\/2025\/12\/Lapinou-suspendu-peinard-300x300.jpg 300w, https:\/\/www.loul-artiste.fr\/wp-content\/uploads\/2025\/12\/Lapinou-suspendu-peinard-150x150.jpg 150w, https:\/\/www.loul-artiste.fr\/wp-content\/uploads\/2025\/12\/Lapinou-suspendu-peinard-768x769.jpg 768w, https:\/\/www.loul-artiste.fr\/wp-content\/uploads\/2025\/12\/elementor\/thumbs\/Lapinou-suspendu-peinard-rg0b7nle66m9u5ywy4bq1zvcd0qybev7278vnxstg0.jpg 1000w, https:\/\/www.loul-artiste.fr\/wp-content\/uploads\/2025\/12\/Lapinou-suspendu-peinard.jpg 1080w\" sizes=\"(max-width: 800px) 100vw, 800px\" \/>\t\t\t\t\t\t\t\t\t\t\t\t\t\t\t<\/div>\n\t\t\t\t<\/div>\n\t\t\t\t<\/div>\n\t\t<div class=\"elementor-element elementor-element-f8aeb0a e-con-full e-flex e-con e-child\" data-id=\"f8aeb0a\" data-element_type=\"container\" data-e-type=\"container\">\n\t\t\t\t<div class=\"elementor-element elementor-element-7a84069 elementor-widget elementor-widget-image\" data-id=\"7a84069\" data-element_type=\"widget\" data-e-type=\"widget\" data-widget_type=\"image.default\">\n\t\t\t\t<div class=\"elementor-widget-container\">\n\t\t\t\t\t\t\t\t\t\t\t\t\t\t\t<img loading=\"lazy\" decoding=\"async\" width=\"800\" height=\"800\" src=\"https:\/\/www.loul-artiste.fr\/wp-content\/uploads\/2025\/12\/Lapinou-Coulures-1024x1024.jpg\" class=\"attachment-large size-large wp-image-488\" alt=\"\" srcset=\"https:\/\/www.loul-artiste.fr\/wp-content\/uploads\/2025\/12\/Lapinou-Coulures-1024x1024.jpg 1024w, https:\/\/www.loul-artiste.fr\/wp-content\/uploads\/2025\/12\/Lapinou-Coulures-300x300.jpg 300w, https:\/\/www.loul-artiste.fr\/wp-content\/uploads\/2025\/12\/Lapinou-Coulures-150x150.jpg 150w, https:\/\/www.loul-artiste.fr\/wp-content\/uploads\/2025\/12\/Lapinou-Coulures-768x768.jpg 768w, https:\/\/www.loul-artiste.fr\/wp-content\/uploads\/2025\/12\/Lapinou-Coulures.jpg 1080w\" sizes=\"(max-width: 800px) 100vw, 800px\" \/>\t\t\t\t\t\t\t\t\t\t\t\t\t\t\t<\/div>\n\t\t\t\t<\/div>\n\t\t\t\t<\/div>\n\t\t<div class=\"elementor-element elementor-element-adf2dd1 e-con-full e-flex e-con e-child\" data-id=\"adf2dd1\" data-element_type=\"container\" data-e-type=\"container\">\n\t\t\t\t<div class=\"elementor-element elementor-element-f54f905 elementor-widget elementor-widget-image\" data-id=\"f54f905\" data-element_type=\"widget\" data-e-type=\"widget\" data-widget_type=\"image.default\">\n\t\t\t\t<div class=\"elementor-widget-container\">\n\t\t\t\t\t\t\t\t\t\t\t\t\t\t\t<img loading=\"lazy\" decoding=\"async\" width=\"800\" height=\"800\" src=\"https:\/\/www.loul-artiste.fr\/wp-content\/uploads\/2025\/12\/Pieds-lapinou-1024x1024.jpg\" class=\"attachment-large size-large wp-image-492\" alt=\"\" srcset=\"https:\/\/www.loul-artiste.fr\/wp-content\/uploads\/2025\/12\/Pieds-lapinou-1024x1024.jpg 1024w, https:\/\/www.loul-artiste.fr\/wp-content\/uploads\/2025\/12\/Pieds-lapinou-300x300.jpg 300w, https:\/\/www.loul-artiste.fr\/wp-content\/uploads\/2025\/12\/Pieds-lapinou-150x150.jpg 150w, https:\/\/www.loul-artiste.fr\/wp-content\/uploads\/2025\/12\/Pieds-lapinou-768x768.jpg 768w, https:\/\/www.loul-artiste.fr\/wp-content\/uploads\/2025\/12\/Pieds-lapinou.jpg 1080w\" sizes=\"(max-width: 800px) 100vw, 800px\" \/>\t\t\t\t\t\t\t\t\t\t\t\t\t\t\t<\/div>\n\t\t\t\t<\/div>\n\t\t\t\t<\/div>\n\t\t\t\t\t<\/div>\n\t\t\t\t<\/div>\n\t\t<div class=\"elementor-element elementor-element-7d86f11 e-con-full e-flex e-con e-parent\" data-id=\"7d86f11\" data-element_type=\"container\" data-e-type=\"container\" data-settings=\"{&quot;background_background&quot;:&quot;classic&quot;}\">\n\t\t<div class=\"elementor-element elementor-element-e3b125a e-con-full e-flex e-con e-child\" data-id=\"e3b125a\" data-element_type=\"container\" data-e-type=\"container\">\n\t\t\t\t<div class=\"elementor-element elementor-element-d2e5d0b elementor-widget__width-initial animated-fast elementor-widget-tablet__width-inherit elementor-invisible elementor-widget elementor-widget-text-editor\" data-id=\"d2e5d0b\" data-element_type=\"widget\" data-e-type=\"widget\" data-settings=\"{&quot;_animation&quot;:&quot;fadeInLeft&quot;,&quot;_animation_tablet&quot;:&quot;fadeIn&quot;,&quot;_animation_delay&quot;:100}\" data-widget_type=\"text-editor.default\">\n\t\t\t\t<div class=\"elementor-widget-container\">\n\t\t\t\t\t\t\t\t\t<p class=\"p1\">Un paysage travers\u00e9 de couleurs franches : rose vibrant, jaune acide, lumi\u00e8res suspendues. Les contours sont flous, presque effac\u00e9s.<\/p><p class=\"p1\">Quelque chose est l\u00e0, pourtant : une forme, un souvenir, un terrain incertain. Rien n\u2019est net, tout est fluide, presque en \u00e9quilibre.<br \/>Au-dessus, suspendu par des fils invisibles, un lapin en c\u00e9ramique noire flotte.<\/p><p class=\"p1\">Il ne regarde pas le monde.<br \/>Il se regarde lui-m\u00eame.<\/p><p class=\"p1\">Allong\u00e9 dans une posture nonchalante, presque souveraine, il semble ignorer le tumulte. Indiff\u00e9rent, ou simplement ailleurs.<\/p>\t\t\t\t\t\t\t\t<\/div>\n\t\t\t\t<\/div>\n\t\t\t\t<div class=\"elementor-element elementor-element-bbf1094 elementor-widget__width-initial animated-fast elementor-widget-tablet__width-inherit elementor-invisible elementor-widget elementor-widget-heading\" data-id=\"bbf1094\" data-element_type=\"widget\" data-e-type=\"widget\" data-settings=\"{&quot;_animation&quot;:&quot;fadeInLeft&quot;,&quot;_animation_tablet&quot;:&quot;fadeIn&quot;}\" data-widget_type=\"heading.default\">\n\t\t\t\t<div class=\"elementor-widget-container\">\n\t\t\t\t\t<h2 class=\"elementor-heading-title elementor-size-default\">J'ai peint ce lapin <\/h2>\t\t\t\t<\/div>\n\t\t\t\t<\/div>\n\t\t\t\t<div class=\"elementor-element elementor-element-209824f elementor-widget__width-initial animated-fast elementor-widget-tablet__width-inherit elementor-invisible elementor-widget elementor-widget-text-editor\" data-id=\"209824f\" data-element_type=\"widget\" data-e-type=\"widget\" data-settings=\"{&quot;_animation&quot;:&quot;fadeInLeft&quot;,&quot;_animation_tablet&quot;:&quot;fadeIn&quot;,&quot;_animation_delay&quot;:100}\" data-widget_type=\"text-editor.default\">\n\t\t\t\t<div class=\"elementor-widget-container\">\n\t\t\t\t\t\t\t\t\t<p class=\"p1\">chez moi, en Provence, o\u00f9 il est consid\u00e9r\u00e9 comme nuisible.<\/p><p class=\"p1\">Mais moi, je le trouve magnifique. Pr\u00e9sent, dr\u00f4le, libre.<\/p><p class=\"p1\">J\u2019ai voulu le repr\u00e9senter non pas en victime, ni en symbole mais en figure autonome, d\u00e9tach\u00e9e, \u00e0 l\u2019abri de nos jugements.<br \/>Il est l\u00e0, au-dessus de ce que l\u2019on croit savoir.<br \/>Loin des classifications, des r\u00e9gulations.<br \/>Un peu trop vivant, peut-\u00eatre. Un peu trop libre.<\/p><p class=\"p1\">Je ne cherche pas \u00e0 expliquer.<br \/>Je trace un espace.<br \/>Un d\u00e9calage.<br \/>Un instant suspendu, \u00e0 hauteur d\u2019incertitude.<\/p>\t\t\t\t\t\t\t\t<\/div>\n\t\t\t\t<\/div>\n\t\t\t\t<\/div>\n\t\t<div class=\"elementor-element elementor-element-09dd342 e-con-full e-flex e-con e-child\" data-id=\"09dd342\" data-element_type=\"container\" data-e-type=\"container\">\n\t\t\t\t<div class=\"elementor-element elementor-element-66deeff elementor-widget elementor-widget-spacer\" data-id=\"66deeff\" data-element_type=\"widget\" data-e-type=\"widget\" data-widget_type=\"spacer.default\">\n\t\t\t\t<div class=\"elementor-widget-container\">\n\t\t\t\t\t\t\t<div class=\"elementor-spacer\">\n\t\t\t<div class=\"elementor-spacer-inner\"><\/div>\n\t\t<\/div>\n\t\t\t\t\t\t<\/div>\n\t\t\t\t<\/div>\n\t\t\t\t<div class=\"elementor-element elementor-element-57afe57 animated-fast elementor-align-center elementor-invisible elementor-widget elementor-widget-button\" data-id=\"57afe57\" data-element_type=\"widget\" data-e-type=\"widget\" data-settings=\"{&quot;_animation&quot;:&quot;fadeInLeft&quot;,&quot;_animation_tablet&quot;:&quot;fadeIn&quot;,&quot;_animation_delay&quot;:300}\" data-widget_type=\"button.default\">\n\t\t\t\t<div class=\"elementor-widget-container\">\n\t\t\t\t\t\t\t\t\t<div class=\"elementor-button-wrapper\">\n\t\t\t\t\t<a class=\"elementor-button elementor-button-link elementor-size-sm elementor-animation-float\" href=\"#audessusdenoscertitudes\">\n\t\t\t\t\t\t<span class=\"elementor-button-content-wrapper\">\n\t\t\t\t\t\t\t\t\t<span class=\"elementor-button-text\">D\u00e9couvrir l'installation<\/span>\n\t\t\t\t\t<\/span>\n\t\t\t\t\t<\/a>\n\t\t\t\t<\/div>\n\t\t\t\t\t\t\t\t<\/div>\n\t\t\t\t<\/div>\n\t\t\t\t<\/div>\n\t\t\t\t<\/div>\n\t\t<div class=\"elementor-element elementor-element-113026b e-flex e-con-boxed e-con e-parent\" data-id=\"113026b\" data-element_type=\"container\" data-e-type=\"container\">\n\t\t\t\t\t<div class=\"e-con-inner\">\n\t\t\t\t<div class=\"elementor-element elementor-element-7cbd5cb elementor-widget-divider--view-line elementor-widget elementor-widget-divider\" data-id=\"7cbd5cb\" data-element_type=\"widget\" data-e-type=\"widget\" data-widget_type=\"divider.default\">\n\t\t\t\t<div class=\"elementor-widget-container\">\n\t\t\t\t\t\t\t<div class=\"elementor-divider\">\n\t\t\t<span class=\"elementor-divider-separator\">\n\t\t\t\t\t\t<\/span>\n\t\t<\/div>\n\t\t\t\t\t\t<\/div>\n\t\t\t\t<\/div>\n\t\t\t\t<div class=\"elementor-element elementor-element-d6a31c1 animated-fast elementor-invisible elementor-widget elementor-widget-heading\" data-id=\"d6a31c1\" data-element_type=\"widget\" data-e-type=\"widget\" data-settings=\"{&quot;_animation&quot;:&quot;fadeIn&quot;}\" data-widget_type=\"heading.default\">\n\t\t\t\t<div class=\"elementor-widget-container\">\n\t\t\t\t\t<h3 class=\"elementor-heading-title elementor-size-default\">D\u00e9tails techniques : Au-dessus de nos certitudes<\/h3>\t\t\t\t<\/div>\n\t\t\t\t<\/div>\n\t\t\t\t<div class=\"elementor-element elementor-element-06dc069 animated-fast elementor-widget__width-inherit elementor-widget-tablet__width-inherit elementor-invisible elementor-widget elementor-widget-text-editor\" data-id=\"06dc069\" data-element_type=\"widget\" data-e-type=\"widget\" data-settings=\"{&quot;_animation&quot;:&quot;fadeIn&quot;,&quot;_animation_delay&quot;:100}\" data-widget_type=\"text-editor.default\">\n\t\t\t\t<div class=\"elementor-widget-container\">\n\t\t\t\t\t\t\t\t\t<p class=\"p2\"><strong>Installation mixte :<\/strong> peinture et c\u00e9ramique<\/p><p class=\"p2\"><strong>Peinture :<\/strong> Acrylique, huile, pastel sec et tarlatane sur toile<\/p><p class=\"p2\"><strong>Sculptures :<\/strong> C\u00e9ramique noire, suspendue<\/p><p class=\"p2\"><strong>Dimensions peinture :<\/strong> 97 x 162 cm<\/p><p class=\"p2\"><strong>Dimensions sculptures :<\/strong> L 38 cm<\/p><p class=\"p2\"><strong>Fixation :<\/strong> 2 \u00e9querres en tube en partie haute + filin en acier\u00a0<\/p><p class=\"p2\"><strong>Ann\u00e9e de cr\u00e9ation :<\/strong> 2025<\/p>\t\t\t\t\t\t\t\t<\/div>\n\t\t\t\t<\/div>\n\t\t\t\t\t<\/div>\n\t\t\t\t<\/div>\n\t\t<div class=\"elementor-element elementor-element-79e3afe e-flex e-con-boxed e-con e-parent\" data-id=\"79e3afe\" data-element_type=\"container\" data-e-type=\"container\" id=\"audessusdenoscertitudes\" data-settings=\"{&quot;background_background&quot;:&quot;classic&quot;}\">\n\t\t\t\t\t<div class=\"e-con-inner\">\n\t\t<div class=\"elementor-element elementor-element-64feb86 e-con-full e-flex e-con e-child\" data-id=\"64feb86\" data-element_type=\"container\" data-e-type=\"container\">\n\t\t\t\t<\/div>\n\t\t<div class=\"elementor-element elementor-element-d1ca179 e-con-full e-flex e-con e-child\" data-id=\"d1ca179\" data-element_type=\"container\" data-e-type=\"container\">\n\t\t\t\t<\/div>\n\t\t<div class=\"elementor-element elementor-element-0ba63e2 e-con-full e-flex e-con e-child\" data-id=\"0ba63e2\" data-element_type=\"container\" data-e-type=\"container\">\n\t\t\t\t<div class=\"elementor-element elementor-element-890667b elementor-widget elementor-widget-image\" data-id=\"890667b\" data-element_type=\"widget\" data-e-type=\"widget\" data-widget_type=\"image.default\">\n\t\t\t\t<div class=\"elementor-widget-container\">\n\t\t\t\t\t\t\t\t\t\t\t\t\t\t\t<img loading=\"lazy\" decoding=\"async\" width=\"760\" height=\"1024\" src=\"https:\/\/www.loul-artiste.fr\/wp-content\/uploads\/2025\/12\/Peinture-sculpture-au-dessus-de-nos-certitudes-760x1024.jpg\" class=\"attachment-large size-large wp-image-518\" alt=\"\" srcset=\"https:\/\/www.loul-artiste.fr\/wp-content\/uploads\/2025\/12\/Peinture-sculpture-au-dessus-de-nos-certitudes-760x1024.jpg 760w, https:\/\/www.loul-artiste.fr\/wp-content\/uploads\/2025\/12\/Peinture-sculpture-au-dessus-de-nos-certitudes-223x300.jpg 223w, https:\/\/www.loul-artiste.fr\/wp-content\/uploads\/2025\/12\/Peinture-sculpture-au-dessus-de-nos-certitudes-768x1035.jpg 768w, https:\/\/www.loul-artiste.fr\/wp-content\/uploads\/2025\/12\/Peinture-sculpture-au-dessus-de-nos-certitudes-1139x1536.jpg 1139w, https:\/\/www.loul-artiste.fr\/wp-content\/uploads\/2025\/12\/Peinture-sculpture-au-dessus-de-nos-certitudes-1519x2048.jpg 1519w, https:\/\/www.loul-artiste.fr\/wp-content\/uploads\/2025\/12\/Peinture-sculpture-au-dessus-de-nos-certitudes.jpg 1899w\" sizes=\"(max-width: 760px) 100vw, 760px\" \/>\t\t\t\t\t\t\t\t\t\t\t\t\t\t\t<\/div>\n\t\t\t\t<\/div>\n\t\t\t\t<\/div>\n\t\t\t\t\t<\/div>\n\t\t\t\t<\/div>\n\t\t<div class=\"elementor-element elementor-element-f5dce1e e-flex e-con-boxed e-con e-parent\" data-id=\"f5dce1e\" data-element_type=\"container\" data-e-type=\"container\" data-settings=\"{&quot;background_background&quot;:&quot;classic&quot;}\">\n\t\t\t\t\t<div class=\"e-con-inner\">\n\t\t<div class=\"elementor-element elementor-element-da9c8f6 e-con-full e-flex e-con e-child\" data-id=\"da9c8f6\" data-element_type=\"container\" data-e-type=\"container\">\n\t\t\t\t<div class=\"elementor-element elementor-element-40973e7 elementor-widget elementor-widget-heading\" data-id=\"40973e7\" data-element_type=\"widget\" data-e-type=\"widget\" data-widget_type=\"heading.default\">\n\t\t\t\t<div class=\"elementor-widget-container\">\n\t\t\t\t\t<h3 class=\"elementor-heading-title elementor-size-default\">Un \u00e9cho \u00e0 vos (in)certitudes ?<\/h3>\t\t\t\t<\/div>\n\t\t\t\t<\/div>\n\t\t\t\t<div class=\"elementor-element elementor-element-b4c5cc9 elementor-button-align-stretch elementor-widget elementor-widget-form\" data-id=\"b4c5cc9\" data-element_type=\"widget\" data-e-type=\"widget\" data-settings=\"{&quot;step_next_label&quot;:&quot;Next&quot;,&quot;step_previous_label&quot;:&quot;Previous&quot;,&quot;button_width&quot;:&quot;30&quot;,&quot;step_type&quot;:&quot;number_text&quot;,&quot;step_icon_shape&quot;:&quot;circle&quot;}\" data-widget_type=\"form.default\">\n\t\t\t\t<div class=\"elementor-widget-container\">\n\t\t\t\t\t\t\t<form class=\"elementor-form\" method=\"post\" name=\"New Form\" aria-label=\"New Form\">\n\t\t\t<input type=\"hidden\" name=\"post_id\" value=\"33\"\/>\n\t\t\t<input type=\"hidden\" name=\"form_id\" value=\"b4c5cc9\"\/>\n\t\t\t<input type=\"hidden\" name=\"referer_title\" value=\"Au-dessus de nos certitudes\" \/>\n\n\t\t\t\t\t\t\t<input type=\"hidden\" name=\"queried_id\" value=\"33\"\/>\n\t\t\t\n\t\t\t<div class=\"elementor-form-fields-wrapper elementor-labels-\">\n\t\t\t\t\t\t\t\t<div class=\"elementor-field-type-email elementor-field-group elementor-column elementor-field-group-email elementor-col-70 elementor-field-required\">\n\t\t\t\t\t\t\t\t\t\t\t\t<label for=\"form-field-email\" class=\"elementor-field-label elementor-screen-only\">\n\t\t\t\t\t\t\t\tPartagez votre email\t\t\t\t\t\t\t<\/label>\n\t\t\t\t\t\t\t\t\t\t\t\t\t\t<input size=\"1\" type=\"email\" name=\"form_fields[email]\" id=\"form-field-email\" class=\"elementor-field elementor-size-sm  elementor-field-textual\" placeholder=\"Partagez votre email\" required=\"required\">\n\t\t\t\t\t\t\t\t\t\t\t<\/div>\n\t\t\t\t\t\t\t\t<div class=\"elementor-field-type-text\">\n\t\t\t\t\t<input size=\"1\" type=\"text\" name=\"form_fields[field_4278cc1]\" id=\"form-field-field_4278cc1\" class=\"elementor-field elementor-size-sm \" style=\"display:none !important;\">\t\t\t\t<\/div>\n\t\t\t\t\t\t\t\t<div class=\"elementor-field-group elementor-column elementor-field-type-submit elementor-col-30 e-form__buttons\">\n\t\t\t\t\t<button class=\"elementor-button elementor-size-sm\" type=\"submit\">\n\t\t\t\t\t\t<span class=\"elementor-button-content-wrapper\">\n\t\t\t\t\t\t\t\t\t\t\t\t\t\t\t\t\t\t\t\t\t\t<span class=\"elementor-button-text\">\u00e9changeons<\/span>\n\t\t\t\t\t\t\t\t\t\t\t\t\t<\/span>\n\t\t\t\t\t<\/button>\n\t\t\t\t<\/div>\n\t\t\t<\/div>\n\t\t<\/form>\n\t\t\t\t\t\t<\/div>\n\t\t\t\t<\/div>\n\t\t\t\t<\/div>\n\t\t\t\t\t<\/div>\n\t\t\t\t<\/div>\n\t\t\t\t<\/div>\n\t\t","protected":false},"excerpt":{"rendered":"<p>\u0152uvre Au-dessus de nos certitudes de Lou L : un lapin aux couleurs vives et une sculpture lapin nonchalant en c\u00e9ramique flottante, entre libert\u00e9 et incertitude.<\/p>","protected":false},"author":1,"featured_media":490,"parent":31,"menu_order":0,"comment_status":"closed","ping_status":"closed","template":"","meta":{"footnotes":""},"class_list":["post-33","page","type-page","status-publish","has-post-thumbnail","hentry"],"_links":{"self":[{"href":"https:\/\/www.loul-artiste.fr\/en\/wp-json\/wp\/v2\/pages\/33","targetHints":{"allow":["GET"]}}],"collection":[{"href":"https:\/\/www.loul-artiste.fr\/en\/wp-json\/wp\/v2\/pages"}],"about":[{"href":"https:\/\/www.loul-artiste.fr\/en\/wp-json\/wp\/v2\/types\/page"}],"author":[{"embeddable":true,"href":"https:\/\/www.loul-artiste.fr\/en\/wp-json\/wp\/v2\/users\/1"}],"replies":[{"embeddable":true,"href":"https:\/\/www.loul-artiste.fr\/en\/wp-json\/wp\/v2\/comments?post=33"}],"version-history":[{"count":50,"href":"https:\/\/www.loul-artiste.fr\/en\/wp-json\/wp\/v2\/pages\/33\/revisions"}],"predecessor-version":[{"id":891,"href":"https:\/\/www.loul-artiste.fr\/en\/wp-json\/wp\/v2\/pages\/33\/revisions\/891"}],"up":[{"embeddable":true,"href":"https:\/\/www.loul-artiste.fr\/en\/wp-json\/wp\/v2\/pages\/31"}],"wp:featuredmedia":[{"embeddable":true,"href":"https:\/\/www.loul-artiste.fr\/en\/wp-json\/wp\/v2\/media\/490"}],"wp:attachment":[{"href":"https:\/\/www.loul-artiste.fr\/en\/wp-json\/wp\/v2\/media?parent=33"}],"curies":[{"name":"wp","href":"https:\/\/api.w.org\/{rel}","templated":true}]}}