{"id":3,"date":"2024-12-05T09:11:39","date_gmt":"2024-12-05T09:11:39","guid":{"rendered":"https:\/\/www.loul-artiste.fr\/?page_id=3"},"modified":"2025-12-22T13:59:06","modified_gmt":"2025-12-22T13:59:06","slug":"mentions-legales","status":"publish","type":"page","link":"https:\/\/www.loul-artiste.fr\/en\/mentions-legales\/","title":{"rendered":"Legal notices"},"content":{"rendered":"<div data-elementor-type=\"wp-page\" data-elementor-id=\"3\" class=\"elementor elementor-3\" data-elementor-post-type=\"page\">\n\t\t\t\t<div class=\"elementor-element elementor-element-4f100aec e-flex e-con-boxed e-con e-parent\" data-id=\"4f100aec\" data-element_type=\"container\" data-e-type=\"container\">\n\t\t\t\t\t<div class=\"e-con-inner\">\n\t\t\t\t<div class=\"elementor-element elementor-element-23d96d1 elementor-widget elementor-widget-heading\" data-id=\"23d96d1\" data-element_type=\"widget\" data-e-type=\"widget\" data-widget_type=\"heading.default\">\n\t\t\t\t<div class=\"elementor-widget-container\">\n\t\t\t\t\t<h2 class=\"elementor-heading-title elementor-size-default\">Legal notices<\/h2>\t\t\t\t<\/div>\n\t\t\t\t<\/div>\n\t\t\t\t<div class=\"elementor-element elementor-element-75b7c5d4 elementor-widget elementor-widget-text-editor\" data-id=\"75b7c5d4\" data-element_type=\"widget\" data-e-type=\"widget\" data-widget_type=\"text-editor.default\">\n\t\t\t\t<div class=\"elementor-widget-container\">\n\t\t\t\t\t\t\t\t\t<p><b>CE SITE EST \u00c9DIT\u00c9 PAR\u00a0:<\/b><\/p><p>LOU L. \u2013 45 ancien chemin de ronde \u2013 84330 Saint Pierre de Vassols<\/p><p>SIRET : 381 339 829 00057<br \/>T\u00e9l\u00e9phone\u00a0: 0638601261<br \/>Adresse de courrier \u00e9lectronique\u00a0: <a href=\"mailto:hello@loul-artiste.fr\">hello@loul-artiste.fr<\/a><a href=\"https:\/\/www.latelierducycliste.com\/mentions-legales\/fabrice@latelierducycliste.com\"><br \/><\/a>Directeur de la publication : V\u00e9ronique Levet<br \/>Responsable du site : V\u00e9ronique Levet<\/p><p><b>CE SITE EST H\u00c9BERG\u00c9 PAR\u00a0:<\/b><\/p><p>02SWITCH \u2013 Chemin des Pardiaux \u2013 63000 Clermont-Ferrand<br \/>Adresse e-mail : no-reply@02switch.com<br \/>Site internet : <a href=\"http:\/\/www.o2switch.fr\">www.o2switch.fr<\/a><\/p><p><b>Conception et d\u00e9veloppement :<\/b><\/p><p>Directrice de projet et communication: Sandra Vich \u2013 <a href=\"https:\/\/www.sandra-vich.fr\/\">SV Communication<\/a><br \/>D\u00e9veloppement : Jalila Drissi <a href=\"https:\/\/www.onze-web.com\/\">OnZeWeb<\/a><br \/>Cr\u00e9dits photos :<span class=\"Apple-converted-space\">\u00a0<\/span><\/p><p><b>CONDITIONS G\u00c9N\u00c9RALES D\u2019UTILISATION<\/b><\/p><p>ART. 1 CONDITIONS D\u2019UTILISATION<\/p><p>Toute personne qui acc\u00e8de au site <a href=\"https:\/\/www.loul-artiste.fr\/en\/\">https:\/\/www.loul-artiste.fr<\/a> (ci-apr\u00e8s le \u00ab\u00a0Site\u00a0\u00bb) s\u2019engage \u00e0 respecter les pr\u00e9sentes conditions g\u00e9n\u00e9rales d\u2019utilisation, qui pourront pour certains services \u00eatre compl\u00e9t\u00e9es par des conditions particuli\u00e8res.<\/p><p>Lou L. se r\u00e9serve le droit de modifier et de mettre \u00e0 jour \u00e0 tout moment l\u2019acc\u00e8s au Site ainsi que les pr\u00e9sentes conditions d\u2019utilisation. Ces modifications et mises \u00e0 jour s\u2019imposent \u00e0 l\u2019utilisateur qui doit en cons\u00e9quence se r\u00e9f\u00e9rer r\u00e9guli\u00e8rement \u00e0 cette rubrique pour v\u00e9rifier les Conditions G\u00e9n\u00e9rales en vigueur.<\/p><p>ART. 2 DONN\u00c9ES PERSONNELLES ET AUTRES DONN\u00c9ES<\/p><p>2.1 Les donn\u00e9es sont exclusivement destin\u00e9es \u00e0 Lou L., \u00e0 ses filiales ou aux membres de son r\u00e9seau commercial \u00e0 des fins d\u2019enqu\u00eates, d\u2019analyses, de communications institutionnelles, d\u2019op\u00e9rations relatives \u00e0 la gestion clients ou, si vous en \u00eates d\u2019accord, de propositions commerciales. Ces informations sont confidentielles et conserv\u00e9es par Lou L., ses filiales et les membres de son r\u00e9seau commercial. Conform\u00e9ment \u00e0 la loi \u00ab Informatique et Libert\u00e9s \u00bb du 06\/01\/78, vous disposez d\u2019un droit d\u2019acc\u00e8s, de rectification et de suppression de ces donn\u00e9es ainsi que d\u2019un droit de vous opposer \u00e0 ce que ces donn\u00e9es fassent l\u2019objet d\u2019un traitement en nous contactant par courrier \u00e0 l\u2019adresse suivante : 45 ancien chemin de ronde 84330 Saint Pierre de Vassols ou par e-mail \u00e0 l\u2019adresse hello@loul-artiste.fr<\/p><p>Vos demandes devront \u00eatre sign\u00e9es et accompagn\u00e9es de la photocopie d\u2019un titre d\u2019identit\u00e9 portant la signature du titulaire. La demande devra pr\u00e9ciser l\u2019adresse \u00e0 laquelle devra parvenir la r\u00e9ponse.<\/p><p>Dans l\u2019hypoth\u00e8se o\u00f9 vous avez accept\u00e9 dans nos formulaires de recevoir par email des informations et sollicitations commerciales \u00e9manant de notre soci\u00e9t\u00e9 et de son r\u00e9seau de magasins \u00e0 l\u2019enseigne de Lou L., vous aurez \u00e0 tout moment la facult\u00e9 de revenir sur cette d\u00e9cision en envoyant un mail avec pour objet \u00ab d\u00e9sabonnement \u00bb \u00e0 l\u2019adresse suivante : hello@loul-artiste.fr<\/p><p>2.2 Conform\u00e9ment \u00e0 l\u2019article 6 de la Loi du 21 juin 2004 pour la confiance en l\u2019\u00e9conomie num\u00e9rique, l\u2019h\u00e9bergeur conservera vos donn\u00e9es de connexion, couvertes par le secret professionnel et trait\u00e9es dans le respect des dispositions l\u00e9gales en mati\u00e8re de donn\u00e9es personnelles.<\/p><p>ART. 3 LIENS HYPERTEXTES<\/p><p>Si vous souhaitez mettre en place un lien hypertexte vers notre Site, vous devez en cons\u00e9quence prendre contact avec le Responsable du Site. L\u2019atelier du cycliste ne peut en aucun cas \u00eatre tenu pour responsable du contenu des sites qui font l\u2019objet d\u2019un lien hypertexte \u00e0 partir du pr\u00e9sent Site.<\/p><p>ART. 4 COOKIES<\/p><p>Lors de la navigation sur le Site, des cookies sont implant\u00e9s dans votre ordinateur. Un cookie ne nous permet pas de vous identifier : en revanche, il enregistre des informations relatives \u00e0 la navigation de votre ordinateur sur notre Site (les pages que vous avez consult\u00e9es, la date et l\u2019heure de la consultation, etc.) que nous pourrons lire lors de vos visites ult\u00e9rieures. La dur\u00e9e de conservation de ces informations dans votre ordinateur est de six mois.<\/p><p>De plus, le site utilise Google Analytics (ou similaire), un service d\u2019analyse de site Internet fourni par Google Inc. (ci-apr\u00e8s \u00ab\u00a0Google\u00a0\u00bb). Google Analytics (ou similaire) utilise des\u00a0cookies\u00a0 pour aider Lou L. et l\u2019h\u00e9bergeur \u00e0 analyser l\u2019utilisation du Site par ses utilisateurs. Les donn\u00e9es g\u00e9n\u00e9r\u00e9es par les cookies\u00a0concernant votre utilisation du Site (y compris votre adresse IP) seront transmises et stock\u00e9es par Google sur des serveurs situ\u00e9s aux Etats-Unis. Google utilisera cette information dans le but d\u2019\u00e9valuer votre utilisation du Site, de compiler des rapports sur l\u2019activit\u00e9 du Site \u00e0 destination de Lou L. et de l\u2019h\u00e9bergeur et de fournir d\u2019autres services relatifs \u00e0 l\u2019activit\u00e9 du site et \u00e0 l\u2019utilisation d\u2019Internet. Google est susceptible de communiquer ces donn\u00e9es \u00e0 des tiers en cas d\u2019obligation l\u00e9gale ou lorsque ces tiers traitent ces donn\u00e9es pour le compte de Google, y compris notamment Lou L., l\u2019\u00e9diteur du\u00a0 Site et \u00e0 l\u2019h\u00e9bergeur. Google ne recoupera pas votre adresse IP avec toute autre donn\u00e9e d\u00e9tenue par Google. En utilisant le Site, vous consentez express\u00e9ment au traitement de vos donn\u00e9es nominatives par Google dans les conditions et pour les finalit\u00e9s d\u00e9crites ci-dessus.<\/p><p>Nous vous informons que vous pouvez vous opposer \u00e0 l\u2019enregistrement de cookies en configurant votre navigateur de la mani\u00e8re suivante :<\/p><p>POUR MICROSOFT INTERNET EXPLORER 7.0 ET SUIVANT:<\/p><ol><li>Dans la barre de menu, choisir le menu\u00a0outils;<\/li><li>Dans le menu d\u00e9roulant, choisir\u00a0options internet;<\/li><li>Cliquer sur l\u2019onglet\u00a0confidentialit\u00e9;<\/li><li>Cliquer sur le bouton\u00a0avanc\u00e9\u00a0de la section param\u00e8tres;<\/li><li>Dans la fen\u00eatre\u00a0param\u00e8tres de confidentialit\u00e9 avanc\u00e9s\u00a0v\u00e9rifier que l\u2019option\u00a0ignorer la gestion automatique des cookies\u00a0n\u2019est pas coch\u00e9e.<\/li><\/ol><p>POUR FIREFOX \u00c0 PARTIR DE LA VERSION 12 :<\/p><ol><li>Dans la barre de menu, choisir le menu\u00a0outils;<\/li><li>Dans le menu d\u00e9roulant, choisir\u00a0options;<\/li><li>Cliquer sur l\u2019icone\u00a0vie priv\u00e9e;<\/li><li>Cliquer sur le lien\u00a0supprimer des cookies sp\u00e9cifiques;<\/li><li>Dans la fen\u00eatre\u00a0Cookies, cliquer sur le bouton\u00a0Supprimer tous les cookies.<\/li><\/ol><p>POUR OP\u00c9RA \u00c0 PARTIR DE LA VERSION 11\u00a0:<\/p><ol><li>Choisissez le\u00a0menu;<\/li><li>Dans la liste, choisir\u00a0r\u00e9glages\u00a0puis\u00a0supprimer les informations priv\u00e9es\u2026;<\/li><li>Cliquer sur le bouton\u00a0supprimer.<\/li><\/ol><p>POUR GOOGLE CHROME\u00a0:<\/p><ol><li>Cliquer sur l\u2019icone\u00a0Personnaliser et configurer Google Chrome;<\/li><li>Choisir dans la liste\u00a0Param\u00e8tres;<\/li><li>Cliquer sur\u00a0Afficher les param\u00e8tres avanc\u00e9s\u2026;<\/li><li>Cliquer sur le bouton\u00a0Param\u00e8tres de contenu;<\/li><li>Cliquer sur le bouton\u00a0Cookies et donn\u00e9es de site\u2026;<\/li><li>Cliquer sur le bouton\u00a0Tout supprimer.<\/li><\/ol><p>Nous vous informons n\u00e9anmoins que l\u2019acc\u00e8s \u00e0 certains services et rubriques du Site pourra \u00eatre alt\u00e9r\u00e9s voire impossibles du fait de la suppression des cookies.<\/p><p>ART. 5 CONTENU DU SITE<\/p><p>Lou L., l\u2019h\u00e9bergeur et, plus g\u00e9n\u00e9ralement, toute soci\u00e9t\u00e9 contribuant \u00e0 la conception, \u00e0 la r\u00e9alisation et \u00e0 la mise en ligne de ce Site s\u2019efforcent d\u2019assurer l\u2019exactitude et la mise \u00e0 jour r\u00e9guli\u00e8re des informations diffus\u00e9es sur ce Site. Lou L. et les prestataires pr\u00e9cit\u00e9s se r\u00e9servent le droit de corriger et modifier \u00e0 tout moment le contenu du Site sans que leur responsabilit\u00e9 puisse \u00eatre engag\u00e9e de ce fait, L\u2019atelier du cycliste pouvant apporter \u00e0 tout moment des am\u00e9liorations et\/ou changements au(x) produit(s) d\u00e9crits sur ce Site.<\/p><p>ART. 6 CONTENU MANIFESTEMENT ILLICITE<\/p><p>Conform\u00e9ment \u00e0 la loi du 21 juin 2004 pour la confiance dans l\u2019\u00e9conomie, vous pouvez alerter l\u2019h\u00e9bergeur de la pr\u00e9sence d\u2019un contenu que vous consid\u00e9rez comme illicite en remplissant en envoyant un mail \u00e0 contact@onze-web.com. L\u2019h\u00e9bergeur appr\u00e9ciera le caract\u00e8re illicite des contenus portes \u00e0 sa connaissance.<\/p><p>Le fait, pour toute personne, de pr\u00e9senter un contenu ou une activit\u00e9 comme \u00e9tant illicite dans le but d\u2019en obtenir le retrait ou d\u2019en faire cesser la diffusion, alors qu\u2019elle sait cette information inexacte, est puni d\u2019un an d\u2019emprisonnement et de 15.000 euros d\u2019amende.<\/p><p>ART. 7 DROIT APPLICABLE<\/p><p>Les pr\u00e9sentes Conditions G\u00e9n\u00e9rales d\u2019utilisation sont soumises au droit interne fran\u00e7ais.<\/p>\t\t\t\t\t\t\t\t<\/div>\n\t\t\t\t<\/div>\n\t\t\t\t\t<\/div>\n\t\t\t\t<\/div>\n\t\t\t\t<\/div>","protected":false},"excerpt":{"rendered":"<p>Mentions l\u00e9gales CE SITE EST \u00c9DIT\u00c9 PAR\u00a0: LOU L. \u2013 45 ancien chemin de ronde \u2013 84330 Saint Pierre de Vassols SIRET : 381 339 829 00057T\u00e9l\u00e9phone\u00a0: 0638601261Adresse de courrier \u00e9lectronique\u00a0: hello@loul-artiste.frDirecteur de la publication : V\u00e9ronique LevetResponsable du site : V\u00e9ronique Levet CE SITE EST H\u00c9BERG\u00c9 PAR\u00a0: 02SWITCH \u2013 Chemin des Pardiaux \u2013 63000 [&hellip;]<\/p>\n","protected":false},"author":1,"featured_media":0,"parent":0,"menu_order":0,"comment_status":"closed","ping_status":"closed","template":"","meta":{"footnotes":""},"class_list":["post-3","page","type-page","status-publish","hentry"],"_links":{"self":[{"href":"https:\/\/www.loul-artiste.fr\/en\/wp-json\/wp\/v2\/pages\/3","targetHints":{"allow":["GET"]}}],"collection":[{"href":"https:\/\/www.loul-artiste.fr\/en\/wp-json\/wp\/v2\/pages"}],"about":[{"href":"https:\/\/www.loul-artiste.fr\/en\/wp-json\/wp\/v2\/types\/page"}],"author":[{"embeddable":true,"href":"https:\/\/www.loul-artiste.fr\/en\/wp-json\/wp\/v2\/users\/1"}],"replies":[{"embeddable":true,"href":"https:\/\/www.loul-artiste.fr\/en\/wp-json\/wp\/v2\/comments?post=3"}],"version-history":[{"count":8,"href":"https:\/\/www.loul-artiste.fr\/en\/wp-json\/wp\/v2\/pages\/3\/revisions"}],"predecessor-version":[{"id":905,"href":"https:\/\/www.loul-artiste.fr\/en\/wp-json\/wp\/v2\/pages\/3\/revisions\/905"}],"wp:attachment":[{"href":"https:\/\/www.loul-artiste.fr\/en\/wp-json\/wp\/v2\/media?parent=3"}],"curies":[{"name":"wp","href":"https:\/\/api.w.org\/{rel}","templated":true}]}}