{"id":25,"date":"2025-12-02T09:18:40","date_gmt":"2025-12-02T09:18:40","guid":{"rendered":"https:\/\/www.loul-artiste.fr\/?page_id=25"},"modified":"2025-12-22T12:08:49","modified_gmt":"2025-12-22T12:08:49","slug":"portrait","status":"publish","type":"page","link":"https:\/\/www.loul-artiste.fr\/en\/portrait\/","title":{"rendered":"Portrait"},"content":{"rendered":"<div data-elementor-type=\"wp-page\" data-elementor-id=\"25\" class=\"elementor elementor-25\" data-elementor-post-type=\"page\">\n\t\t\t\t<div class=\"elementor-element elementor-element-a4cacb7 e-flex e-con-boxed e-con e-parent\" data-id=\"a4cacb7\" data-element_type=\"container\" data-e-type=\"container\" data-settings=\"{&quot;background_background&quot;:&quot;classic&quot;}\">\n\t\t\t\t\t<div class=\"e-con-inner\">\n\t\t<div class=\"elementor-element elementor-element-4a09a3f e-con-full e-flex e-con e-child\" data-id=\"4a09a3f\" data-element_type=\"container\" data-e-type=\"container\" data-settings=\"{&quot;background_background&quot;:&quot;classic&quot;}\">\n\t\t\t\t<\/div>\n\t\t\t\t\t<\/div>\n\t\t\t\t<\/div>\n\t\t<div class=\"elementor-element elementor-element-33c6a45 e-con-full e-flex e-con e-parent\" data-id=\"33c6a45\" data-element_type=\"container\" data-e-type=\"container\" data-settings=\"{&quot;background_background&quot;:&quot;classic&quot;}\">\n\t\t<div class=\"elementor-element elementor-element-1afc948 e-con-full e-flex e-con e-child\" data-id=\"1afc948\" data-element_type=\"container\" data-e-type=\"container\">\n\t\t\t\t<div class=\"elementor-element elementor-element-2fd26b5 elementor-widget__width-inherit elementor-widget elementor-widget-image\" data-id=\"2fd26b5\" data-element_type=\"widget\" data-e-type=\"widget\" data-widget_type=\"image.default\">\n\t\t\t\t<div class=\"elementor-widget-container\">\n\t\t\t\t\t\t\t\t\t\t\t\t\t\t\t<img fetchpriority=\"high\" decoding=\"async\" width=\"800\" height=\"800\" src=\"https:\/\/www.loul-artiste.fr\/wp-content\/uploads\/2025\/12\/Lou-L-veranda-1024x1024.jpg\" class=\"attachment-large size-large wp-image-498\" alt=\"\" srcset=\"https:\/\/www.loul-artiste.fr\/wp-content\/uploads\/2025\/12\/Lou-L-veranda-1024x1024.jpg 1024w, https:\/\/www.loul-artiste.fr\/wp-content\/uploads\/2025\/12\/Lou-L-veranda-300x300.jpg 300w, https:\/\/www.loul-artiste.fr\/wp-content\/uploads\/2025\/12\/Lou-L-veranda-150x150.jpg 150w, https:\/\/www.loul-artiste.fr\/wp-content\/uploads\/2025\/12\/Lou-L-veranda-768x768.jpg 768w, https:\/\/www.loul-artiste.fr\/wp-content\/uploads\/2025\/12\/Lou-L-veranda.jpg 1080w\" sizes=\"(max-width: 800px) 100vw, 800px\" \/>\t\t\t\t\t\t\t\t\t\t\t\t\t\t\t<\/div>\n\t\t\t\t<\/div>\n\t\t\t\t<\/div>\n\t\t<div class=\"elementor-element elementor-element-9f74e0c e-con-full e-flex e-con e-child\" data-id=\"9f74e0c\" data-element_type=\"container\" data-e-type=\"container\">\n\t\t\t\t<div class=\"elementor-element elementor-element-b110c33 elementor-widget__width-initial animated-fast elementor-widget-tablet__width-inherit elementor-invisible elementor-widget elementor-widget-heading\" data-id=\"b110c33\" data-element_type=\"widget\" data-e-type=\"widget\" data-settings=\"{&quot;_animation&quot;:&quot;fadeInRight&quot;,&quot;_animation_tablet&quot;:&quot;fadeIn&quot;}\" data-widget_type=\"heading.default\">\n\t\t\t\t<div class=\"elementor-widget-container\">\n\t\t\t\t\t<h2 class=\"elementor-heading-title elementor-size-default\">Painter &amp; ceramic artist<\/h2>\t\t\t\t<\/div>\n\t\t\t\t<\/div>\n\t\t\t\t<div class=\"elementor-element elementor-element-ec138b8 elementor-widget__width-initial animated-fast elementor-widget-tablet__width-inherit elementor-invisible elementor-widget elementor-widget-text-editor\" data-id=\"ec138b8\" data-element_type=\"widget\" data-e-type=\"widget\" data-settings=\"{&quot;_animation&quot;:&quot;fadeInRight&quot;,&quot;_animation_tablet&quot;:&quot;fadeIn&quot;,&quot;_animation_delay&quot;:100}\" data-widget_type=\"text-editor.default\">\n\t\t\t\t<div class=\"elementor-widget-container\">\n\t\t\t\t\t\t\t\t\t<p class=\"p1\">My journey began in interior design. A profession rooted in listening and transmission, for which I worked alongside artisans to create spaces reflecting the clients\u2019 personality.<\/p><p class=\"p1\">This experience sharpened my eye, my attention to materials, volumes, and light. \nEven today, it quietly nourishes my artistic approach.<\/p><p class=\"p1\">Then the need for another language arose. A language with no function, no commission, no expectation. \nA language that would no longer translate, but would simply let itself emerge.<\/p>\t\t\t\t\t\t\t\t<\/div>\n\t\t\t\t<\/div>\n\t\t\t\t<\/div>\n\t\t\t\t<\/div>\n\t\t<div class=\"elementor-element elementor-element-d80d9c5 e-con-full e-flex e-con e-parent\" data-id=\"d80d9c5\" data-element_type=\"container\" data-e-type=\"container\" data-settings=\"{&quot;background_background&quot;:&quot;classic&quot;}\">\n\t\t<div class=\"elementor-element elementor-element-db299a7 e-con-full e-flex e-con e-child\" data-id=\"db299a7\" data-element_type=\"container\" data-e-type=\"container\">\n\t\t\t\t<div class=\"elementor-element elementor-element-5414b3a elementor-widget__width-initial animated-fast elementor-widget-tablet__width-inherit elementor-invisible elementor-widget elementor-widget-text-editor\" data-id=\"5414b3a\" data-element_type=\"widget\" data-e-type=\"widget\" data-settings=\"{&quot;_animation&quot;:&quot;fadeInLeft&quot;,&quot;_animation_tablet&quot;:&quot;fadeIn&quot;,&quot;_animation_delay&quot;:100}\" data-widget_type=\"text-editor.default\">\n\t\t\t\t<div class=\"elementor-widget-container\">\n\t\t\t\t\t\t\t\t\t<p class=\"p1\">Painting has been part of my life for a long time. A discreet refuge, a parallel language, which I kept to myself for many years.<\/p><p class=\"p1 translation-block\">Ceramics came later. \nWith the need to touch the earth, to feel the material in my hands. \nIt allowed me to go further in expression: to tell without words, to inhabit my paintings differently. \nMy sculptures are never trivial. They observe, they immerse themselves in my paintings, they extend their presence. \nSilently, they watch, they question, they take root. \nThey are part of one single same story: a shared memory of life, a humble attempt to rediscover what binds us together.<\/p><p class=\"p1 translation-block\">I do not seek to explain. \nI trace, I layer, I let things come.<\/p>\t\t\t\t\t\t\t\t<\/div>\n\t\t\t\t<\/div>\n\t\t\t\t<div class=\"elementor-element elementor-element-b7bd697 animated-fast elementor-invisible elementor-widget elementor-widget-button\" data-id=\"b7bd697\" data-element_type=\"widget\" data-e-type=\"widget\" data-settings=\"{&quot;_animation&quot;:&quot;fadeInLeft&quot;,&quot;_animation_tablet&quot;:&quot;fadeIn&quot;,&quot;_animation_delay&quot;:300}\" data-widget_type=\"button.default\">\n\t\t\t\t<div class=\"elementor-widget-container\">\n\t\t\t\t\t\t\t\t\t<div class=\"elementor-button-wrapper\">\n\t\t\t\t\t<a class=\"elementor-button elementor-button-link elementor-size-sm elementor-animation-float\" href=\"https:\/\/www.loul-artiste.fr\/en\/oeuvres-picturales\/\">\n\t\t\t\t\t\t<span class=\"elementor-button-content-wrapper\">\n\t\t\t\t\t\t\t\t\t<span class=\"elementor-button-text\">Discover my paintings<\/span>\n\t\t\t\t\t<\/span>\n\t\t\t\t\t<\/a>\n\t\t\t\t<\/div>\n\t\t\t\t\t\t\t\t<\/div>\n\t\t\t\t<\/div>\n\t\t\t\t<\/div>\n\t\t<div class=\"elementor-element elementor-element-4207bc6 e-con-full e-flex e-con e-child\" data-id=\"4207bc6\" data-element_type=\"container\" data-e-type=\"container\">\n\t\t\t\t<div class=\"elementor-element elementor-element-8709e1e elementor-widget__width-inherit elementor-widget elementor-widget-image\" data-id=\"8709e1e\" data-element_type=\"widget\" data-e-type=\"widget\" data-widget_type=\"image.default\">\n\t\t\t\t<div class=\"elementor-widget-container\">\n\t\t\t\t\t\t\t\t\t\t\t\t\t\t\t<img decoding=\"async\" width=\"1080\" height=\"1080\" src=\"https:\/\/www.loul-artiste.fr\/wp-content\/uploads\/2025\/12\/matiere_peinture-chausson.jpg\" class=\"attachment-full size-full wp-image-404\" alt=\"\" srcset=\"https:\/\/www.loul-artiste.fr\/wp-content\/uploads\/2025\/12\/matiere_peinture-chausson.jpg 1080w, https:\/\/www.loul-artiste.fr\/wp-content\/uploads\/2025\/12\/matiere_peinture-chausson-300x300.jpg 300w, https:\/\/www.loul-artiste.fr\/wp-content\/uploads\/2025\/12\/matiere_peinture-chausson-1024x1024.jpg 1024w, https:\/\/www.loul-artiste.fr\/wp-content\/uploads\/2025\/12\/matiere_peinture-chausson-150x150.jpg 150w, https:\/\/www.loul-artiste.fr\/wp-content\/uploads\/2025\/12\/matiere_peinture-chausson-768x768.jpg 768w\" sizes=\"(max-width: 1080px) 100vw, 1080px\" \/>\t\t\t\t\t\t\t\t\t\t\t\t\t\t\t<\/div>\n\t\t\t\t<\/div>\n\t\t\t\t<\/div>\n\t\t\t\t<\/div>\n\t\t<div class=\"elementor-element elementor-element-3586338 e-con-full e-flex e-con e-parent\" data-id=\"3586338\" data-element_type=\"container\" data-e-type=\"container\" data-settings=\"{&quot;background_background&quot;:&quot;classic&quot;}\">\n\t\t<div class=\"elementor-element elementor-element-c6dad5c e-con-full e-flex e-con e-child\" data-id=\"c6dad5c\" data-element_type=\"container\" data-e-type=\"container\">\n\t\t\t\t<div class=\"elementor-element elementor-element-0f26111 elementor-widget__width-inherit elementor-widget elementor-widget-image\" data-id=\"0f26111\" data-element_type=\"widget\" data-e-type=\"widget\" data-widget_type=\"image.default\">\n\t\t\t\t<div class=\"elementor-widget-container\">\n\t\t\t\t\t\t\t\t\t\t\t\t\t\t\t<img decoding=\"async\" width=\"1920\" height=\"1440\" src=\"https:\/\/www.loul-artiste.fr\/wp-content\/uploads\/2025\/12\/Danseuse-vue-den-haut.jpg\" class=\"attachment-full size-full wp-image-382\" alt=\"\" srcset=\"https:\/\/www.loul-artiste.fr\/wp-content\/uploads\/2025\/12\/Danseuse-vue-den-haut.jpg 1920w, https:\/\/www.loul-artiste.fr\/wp-content\/uploads\/2025\/12\/Danseuse-vue-den-haut-300x225.jpg 300w, https:\/\/www.loul-artiste.fr\/wp-content\/uploads\/2025\/12\/Danseuse-vue-den-haut-1024x768.jpg 1024w, https:\/\/www.loul-artiste.fr\/wp-content\/uploads\/2025\/12\/Danseuse-vue-den-haut-768x576.jpg 768w, https:\/\/www.loul-artiste.fr\/wp-content\/uploads\/2025\/12\/Danseuse-vue-den-haut-1536x1152.jpg 1536w\" sizes=\"(max-width: 1920px) 100vw, 1920px\" \/>\t\t\t\t\t\t\t\t\t\t\t\t\t\t\t<\/div>\n\t\t\t\t<\/div>\n\t\t\t\t<\/div>\n\t\t<div class=\"elementor-element elementor-element-2177e76 e-con-full e-flex e-con e-child\" data-id=\"2177e76\" data-element_type=\"container\" data-e-type=\"container\">\n\t\t\t\t<div class=\"elementor-element elementor-element-12524de elementor-widget__width-initial animated-fast elementor-widget-tablet__width-inherit elementor-invisible elementor-widget elementor-widget-text-editor\" data-id=\"12524de\" data-element_type=\"widget\" data-e-type=\"widget\" data-settings=\"{&quot;_animation&quot;:&quot;fadeInRight&quot;,&quot;_animation_tablet&quot;:&quot;fadeIn&quot;,&quot;_animation_delay&quot;:100}\" data-widget_type=\"text-editor.default\">\n\t\t\t\t<div class=\"elementor-widget-container\">\n\t\t\t\t\t\t\t\t\t<p class=\"p1 translation-block\">In both my paintings and sculptures, I explore imprint, memory, and subtle presence. My creations may echo the original gestures those that scratched the walls, left a trace, depicted life without fixing it in place.\nIt is not a conscious reference. \nIt is rather a sensation: the desire to return to the essential, to the right gesture, to what can silently withstand the passing of time. I am seeking an emotion without brilliance \u2014 something calm, silent, yet persistent.<\/p><p class=\"p1\">I do not claim to convey a message.<\/p><p class=\"p1\">I simply try to reveal a presence \u2014 delicate, quiet, open.<\/p><p class=\"p1\">A space into which everyone can enter, and may find a reflection of their own inner journey.<\/p>\t\t\t\t\t\t\t\t<\/div>\n\t\t\t\t<\/div>\n\t\t\t\t<div class=\"elementor-element elementor-element-c5ee69b animated-fast elementor-invisible elementor-widget elementor-widget-button\" data-id=\"c5ee69b\" data-element_type=\"widget\" data-e-type=\"widget\" data-settings=\"{&quot;_animation&quot;:&quot;fadeInLeft&quot;,&quot;_animation_tablet&quot;:&quot;fadeIn&quot;,&quot;_animation_delay&quot;:300}\" data-widget_type=\"button.default\">\n\t\t\t\t<div class=\"elementor-widget-container\">\n\t\t\t\t\t\t\t\t\t<div class=\"elementor-button-wrapper\">\n\t\t\t\t\t<a class=\"elementor-button elementor-button-link elementor-size-sm elementor-animation-float\" href=\"https:\/\/www.loul-artiste.fr\/en\/sculptures\/entre-deux-souffles\/\">\n\t\t\t\t\t\t<span class=\"elementor-button-content-wrapper\">\n\t\t\t\t\t\t\t\t\t<span class=\"elementor-button-text\">Discover my sculptures<\/span>\n\t\t\t\t\t<\/span>\n\t\t\t\t\t<\/a>\n\t\t\t\t<\/div>\n\t\t\t\t\t\t\t\t<\/div>\n\t\t\t\t<\/div>\n\t\t\t\t<\/div>\n\t\t\t\t<\/div>\n\t\t<div class=\"elementor-element elementor-element-daea84c e-flex e-con-boxed e-con e-parent\" data-id=\"daea84c\" data-element_type=\"container\" data-e-type=\"container\">\n\t\t\t\t\t<div class=\"e-con-inner\">\n\t\t\t\t<div class=\"elementor-element elementor-element-dd17409 elementor-widget elementor-widget-image\" data-id=\"dd17409\" data-element_type=\"widget\" data-e-type=\"widget\" data-widget_type=\"image.default\">\n\t\t\t\t<div class=\"elementor-widget-container\">\n\t\t\t\t\t\t\t\t\t\t\t\t\t\t\t<img loading=\"lazy\" decoding=\"async\" width=\"255\" height=\"141\" src=\"https:\/\/www.loul-artiste.fr\/wp-content\/uploads\/2025\/12\/Logo-Lou-L.svg\" class=\"attachment-large size-large wp-image-48\" alt=\"\" \/>\t\t\t\t\t\t\t\t\t\t\t\t\t\t\t<\/div>\n\t\t\t\t<\/div>\n\t\t\t\t\t<\/div>\n\t\t\t\t<\/div>\n\t\t\t\t<\/div>","protected":false},"excerpt":{"rendered":"<p>Artiste peintre et c\u00e9ramiste, Lou L explore la m\u00e9moire des paysages, la mati\u00e8re et le silence. Une \u0153uvre sensible, entre peinture et volume.<\/p>","protected":false},"author":1,"featured_media":498,"parent":0,"menu_order":0,"comment_status":"closed","ping_status":"closed","template":"","meta":{"footnotes":""},"class_list":["post-25","page","type-page","status-publish","has-post-thumbnail","hentry"],"_links":{"self":[{"href":"https:\/\/www.loul-artiste.fr\/en\/wp-json\/wp\/v2\/pages\/25","targetHints":{"allow":["GET"]}}],"collection":[{"href":"https:\/\/www.loul-artiste.fr\/en\/wp-json\/wp\/v2\/pages"}],"about":[{"href":"https:\/\/www.loul-artiste.fr\/en\/wp-json\/wp\/v2\/types\/page"}],"author":[{"embeddable":true,"href":"https:\/\/www.loul-artiste.fr\/en\/wp-json\/wp\/v2\/users\/1"}],"replies":[{"embeddable":true,"href":"https:\/\/www.loul-artiste.fr\/en\/wp-json\/wp\/v2\/comments?post=25"}],"version-history":[{"count":64,"href":"https:\/\/www.loul-artiste.fr\/en\/wp-json\/wp\/v2\/pages\/25\/revisions"}],"predecessor-version":[{"id":866,"href":"https:\/\/www.loul-artiste.fr\/en\/wp-json\/wp\/v2\/pages\/25\/revisions\/866"}],"wp:featuredmedia":[{"embeddable":true,"href":"https:\/\/www.loul-artiste.fr\/en\/wp-json\/wp\/v2\/media\/498"}],"wp:attachment":[{"href":"https:\/\/www.loul-artiste.fr\/en\/wp-json\/wp\/v2\/media?parent=25"}],"curies":[{"name":"wp","href":"https:\/\/api.w.org\/{rel}","templated":true}]}}